{"id":6315,"date":"2018-09-07T16:20:17","date_gmt":"2018-09-07T20:20:17","guid":{"rendered":"https:\/\/vivredignite.org\/en\/?page_id=6315"},"modified":"2018-09-26T14:31:20","modified_gmt":"2018-09-26T18:31:20","slug":"quebec-elections-2018-2","status":"publish","type":"page","link":"https:\/\/vivredignite.org\/en\/archives-hot-topics\/quebec-elections-2018-2\/","title":{"rendered":"Quebec Elections 2018"},"content":{"rendered":"<p><em>As you may know, our organization has <strong>no political affiliation<\/strong>. Hence we neither promote nor endorse any political party.<\/em><\/p>\n<p><em>However, to better understand\/appreciate some of the issues related to access to health care, during this electoral campaign a weekly press review will be made available online (although mainly in French) to inform you about the main political declarations and promises made by the four leading political parties in Quebec, as well as some health issues raised by the media.<\/em><\/p>\n<p><em>We leave to each person, the task of analyzing the commitments made during this electoral campaign, by considering the associated costs and feasibility and also by considering the promises made in other political areas.<\/em><\/p>\n<table class=\"m_-1350056513464221623m_8430990999393268192m_-8164298805709422818vb-container m_-1350056513464221623m_8430990999393268192m_-8164298805709422818halfpad\" style=\"height: 79px;\" border=\"0\" width=\"701\" cellspacing=\"9\" cellpadding=\"0\" bgcolor=\"#ffffff\">\n<tbody>\n<tr>\n<td style=\"text-align: left;\" align=\"center\" bgcolor=\"#ffffff\"><strong>POLITICAL ISSUES ON HEALTH CARE<br \/>\n<\/strong><\/td>\n<\/tr>\n<\/tbody>\n<\/table>\n<p><img decoding=\"async\" class=\"alignleft wp-image-6191 size-full\" src=\"https:\/\/vivredignite.org\/wp-content\/uploads\/visualiser.jpg\" alt=\"\" width=\"195\" height=\"195\" srcset=\"https:\/\/vivredignite.org\/sites\/vivredignite.org\/wp-content\/uploads\/visualiser.jpg 195w, https:\/\/vivredignite.org\/sites\/vivredignite.org\/wp-content\/uploads\/visualiser-150x150.jpg 150w\" sizes=\"(max-width: 195px) 100vw, 195px\" \/><\/p>\n<p><a href=\"https:\/\/vivredignite.org\/wp-content\/plugins\/civicrm\/civicrm\/extern\/url.php?u=5491&amp;qid=228185\" target=\"_blank\" rel=\"noopener\">- D\u00e9bat sur la sant\u00e9 le 5 septembre proc<\/a><a href=\"https:\/\/vivredignite.org\/wp-content\/plugins\/civicrm\/civicrm\/extern\/url.php?u=5491&amp;qid=228185\" target=\"_blank\" rel=\"noopener\">hain<\/a> entre les repr\u00e9sentants en sant\u00e9 des quatre principaux partis du Qu\u00e9bec au sujet de la surcharge de travail, d'une loi sur les ratios professionnelles en soins\/patient-e-s, des femmes et du travail invisible, et de l'acc\u00e8s \u00e0 la premi\u00e8re ligne. L'\u00e9v\u00e9nement sera diffus\u00e9 en direct sur le Web.<\/p>\n<p>- <a href=\"https:\/\/vivredignite.org\/wp-content\/plugins\/civicrm\/civicrm\/extern\/url.php?u=5493&amp;qid=228185\" target=\"_blank\" rel=\"noopener\">La sant\u00e9 serait la principale source d'inqui\u00e9tude des Qu\u00e9b\u00e9cois<\/a> selon la boussole \u00e9lectorale de 2018.<\/p>\n<p>- Beaucoup de partis de l'opposition d\u00e9clarent qu'ils reviendront sur l'entente faite avec les m\u00e9decins par le gouvernement lib\u00e9ral. Mais est-ce aussi facile? <a href=\"https:\/\/vivredignite.org\/wp-content\/plugins\/civicrm\/civicrm\/extern\/url.php?u=5494&amp;qid=228185\" target=\"_blank\" rel=\"noopener\">Lisez cet article<\/a> pour en apprendre davantage.<\/p>\n<p>&nbsp;<\/p>\n<table class=\"m_-1350056513464221623m_8430990999393268192m_-8164298805709422818vb-container m_-1350056513464221623m_8430990999393268192m_-8164298805709422818halfpad\" border=\"0\" width=\"694\" cellspacing=\"9\" cellpadding=\"0\" bgcolor=\"#ffffff\">\n<tbody>\n<tr>\n<td style=\"text-align: left;\" align=\"center\" bgcolor=\"#ffffff\"><strong>PROMISES AND ENGAGEMENTS OF THE PARTIES <\/strong><strong>(by alphabetic order)<\/strong><\/td>\n<\/tr>\n<\/tbody>\n<\/table>\n<h4><\/h4>\n<h4>Coalition Avenir Qu\u00e9bec<\/h4>\n<p>-\u00a0<a href=\"https:\/\/vivredignite.org\/wp-content\/plugins\/civicrm\/civicrm\/extern\/url.php?u=5497&amp;qid=228186\" target=\"_blank\" rel=\"noopener\" data-saferedirecturl=\"https:\/\/www.google.com\/url?q=https:\/\/vivredignite.org\/wp-content\/plugins\/civicrm\/civicrm\/extern\/url.php?u%3D5497%26qid%3D228186&amp;source=gmail&amp;ust=1536182155417000&amp;usg=AFQjCNFyA5YmIfGKbPec_7LHk-6e0YNMvQ\">Voir ici<\/a>\u00a0les orientations de la CAQ en mati\u00e8re de sant\u00e9.<\/p>\n<p>-<a href=\"https:\/\/vivredignite.org\/wp-content\/plugins\/civicrm\/civicrm\/extern\/url.php?u=5528&amp;qid=228186\" target=\"_blank\" rel=\"noopener\" data-saferedirecturl=\"https:\/\/www.google.com\/url?q=https:\/\/vivredignite.org\/wp-content\/plugins\/civicrm\/civicrm\/extern\/url.php?u%3D5528%26qid%3D228186&amp;source=gmail&amp;ust=1536182155417000&amp;usg=AFQjCNGqHkYlElso5RRj1AmQBgYKEsEabw\">\u00a0La CAQ promet d\u2019\u00e9tendre \u00e0 la r\u00e9gion de la Capitale-Nationale<\/a>\u00a0le projet-pilote d'acc\u00e8s gratuit aux cliniques priv\u00e9es pour soins chirurgicaux.<\/p>\n<p>-\u00a0<a href=\"https:\/\/vivredignite.org\/wp-content\/plugins\/civicrm\/civicrm\/extern\/url.php?u=5498&amp;qid=228186\" target=\"_blank\" rel=\"noopener\" data-saferedirecturl=\"https:\/\/www.google.com\/url?q=https:\/\/vivredignite.org\/wp-content\/plugins\/civicrm\/civicrm\/extern\/url.php?u%3D5498%26qid%3D228186&amp;source=gmail&amp;ust=1536182155417000&amp;usg=AFQjCNG8BR0-puNuMCBWXOM0F-Xa9hh7iA\">La CAQ propose de remplacer les CHSLD par des maisons pour a\u00een\u00e9s.<\/a>\u00a0Elle compte construire 30 maisons dans un premier mandat afin de pallier aux 2600 places manquantes dans\u00a0les\u00a0CHSLD.<a href=\"https:\/\/vivredignite.org\/wp-content\/plugins\/civicrm\/civicrm\/extern\/url.php?u=5499&amp;qid=228186\" target=\"_blank\" rel=\"noopener\" data-saferedirecturl=\"https:\/\/www.google.com\/url?q=https:\/\/vivredignite.org\/wp-content\/plugins\/civicrm\/civicrm\/extern\/url.php?u%3D5499%26qid%3D228186&amp;source=gmail&amp;ust=1536182155417000&amp;usg=AFQjCNEHgCjO2cKsJLHv83988gSXzNPr9g\">\u00a0Le montant total de cette mesure est \u00e9valu\u00e9 \u00e0 20 milliards $ d'ici 2038.<\/a><\/p>\n<p>- La candidate de la CAQ, Mme Danielle McCann, ex-PDG de l'Agence de la sant\u00e9 et des services sociaux de Montr\u00e9al,\u00a0<a href=\"https:\/\/vivredignite.org\/wp-content\/plugins\/civicrm\/civicrm\/extern\/url.php?u=5500&amp;qid=228186\" target=\"_blank\" rel=\"noopener\" data-saferedirecturl=\"https:\/\/www.google.com\/url?q=https:\/\/vivredignite.org\/wp-content\/plugins\/civicrm\/civicrm\/extern\/url.php?u%3D5500%26qid%3D228186&amp;source=gmail&amp;ust=1536182155417000&amp;usg=AFQjCNFB77OMeOixMHICgh3iqMkjXyFY1w\">est pressentie pour \u00eatre la ministre de la sant\u00e9<\/a>\u00a0si le parti est port\u00e9 au pouvoir.<\/p>\n<p>-<a href=\"https:\/\/vivredignite.org\/wp-content\/plugins\/civicrm\/civicrm\/extern\/url.php?u=5501&amp;qid=228186\" target=\"_blank\" rel=\"noopener\" data-saferedirecturl=\"https:\/\/www.google.com\/url?q=https:\/\/vivredignite.org\/wp-content\/plugins\/civicrm\/civicrm\/extern\/url.php?u%3D5501%26qid%3D228186&amp;source=gmail&amp;ust=1536182155417000&amp;usg=AFQjCNE5Up9t509bI44mVaLRZmC9S3JVhQ\">\u00a0La CAQ pr\u00e9sente la candidate Sophie Chiasson<\/a>\u00a0pour la circonscription de l\u2019Acadie \u00e0 Montr\u00e9al. Ces derni\u00e8res ann\u00e9es,\u00a0elle a notamment travaill\u00e9 aupr\u00e8s des a\u00een\u00e9s et en soins palliatifs.<\/p>\n<p>- La CAQ s\u2019engage \u00e0\u00a0<a href=\"https:\/\/vivredignite.org\/wp-content\/plugins\/civicrm\/civicrm\/extern\/url.php?u=5525&amp;qid=228186\" target=\"_blank\" rel=\"noopener\" data-saferedirecturl=\"https:\/\/www.google.com\/url?q=https:\/\/vivredignite.org\/wp-content\/plugins\/civicrm\/civicrm\/extern\/url.php?u%3D5525%26qid%3D228186&amp;source=gmail&amp;ust=1536182155417000&amp;usg=AFQjCNE2uvoTZmwj5kfz50SyNhgDTSpMdw\">r\u00e9gler les probl\u00e8mes d\u2019acc\u00e8s aux soins de sant\u00e9 au Kamouraska.<\/a><\/p>\n<p>- La CAQ promet\u00a0<a href=\"https:\/\/vivredignite.org\/wp-content\/plugins\/civicrm\/civicrm\/extern\/url.php?u=5503&amp;qid=228186\" target=\"_blank\" rel=\"noopener\" data-saferedirecturl=\"https:\/\/www.google.com\/url?q=https:\/\/vivredignite.org\/wp-content\/plugins\/civicrm\/civicrm\/extern\/url.php?u%3D5503%26qid%3D228186&amp;source=gmail&amp;ust=1536182155417000&amp;usg=AFQjCNGQ0KULETIjiCHRY-3BQd98XQsqZA\">un nouvel h\u00f4pital<\/a>\u00a0d\u2019au moins 170 lits en Outaouais<\/p>\n<p>&nbsp;<\/p>\n<h4>Parti Lib\u00e9ral du Qu\u00e9bec<\/h4>\n<p>-\u00a0<a href=\"https:\/\/vivredignite.org\/wp-content\/plugins\/civicrm\/civicrm\/extern\/url.php?u=5505&amp;qid=228186\" target=\"_blank\" rel=\"noopener\" data-saferedirecturl=\"https:\/\/www.google.com\/url?q=https:\/\/vivredignite.org\/wp-content\/plugins\/civicrm\/civicrm\/extern\/url.php?u%3D5505%26qid%3D228186&amp;source=gmail&amp;ust=1536182155417000&amp;usg=AFQjCNFyWsDmXm5ReyfPXoMoeGSH0fEObg\">Consultez ici<\/a>\u00a0les engagements du PLQ en mati\u00e8re de sant\u00e9.<\/p>\n<p>- Consultez\u00a0<a href=\"https:\/\/vivredignite.org\/wp-content\/plugins\/civicrm\/civicrm\/extern\/url.php?u=5529&amp;qid=228186\" target=\"_blank\" rel=\"noopener\" data-saferedirecturl=\"https:\/\/www.google.com\/url?q=https:\/\/vivredignite.org\/wp-content\/plugins\/civicrm\/civicrm\/extern\/url.php?u%3D5529%26qid%3D228186&amp;source=gmail&amp;ust=1536182155417000&amp;usg=AFQjCNFeGrE4ydLOAsgjkI4pqBStORX6sA\">cet article<\/a>\u00a0qui r\u00e9sume les principales promesses du PLQ en mati\u00e8re de sant\u00e9.<\/p>\n<p>-\u00a0<a href=\"https:\/\/vivredignite.org\/wp-content\/plugins\/civicrm\/civicrm\/extern\/url.php?u=5508&amp;qid=228186\" target=\"_blank\" rel=\"noopener\" data-saferedirecturl=\"https:\/\/www.google.com\/url?q=https:\/\/vivredignite.org\/wp-content\/plugins\/civicrm\/civicrm\/extern\/url.php?u%3D5508%26qid%3D228186&amp;source=gmail&amp;ust=1536182155417000&amp;usg=AFQjCNHlIoA2l5O0j2tEs7PYWI5HR0swvA\">M. Couillard r\u00e9affirme le projet des Lib\u00e9raux sur les super-cliniques<\/a>\u00a0en promettant\u00a025 super-cliniques suppl\u00e9mentaires.<\/p>\n<p>- Mme Bourdon, PDG du CHU de Qu\u00e9bec,\u00a0<a href=\"https:\/\/vivredignite.org\/wp-content\/plugins\/civicrm\/civicrm\/extern\/url.php?u=5511&amp;qid=228185\" target=\"_blank\" rel=\"noopener\" data-saferedirecturl=\"https:\/\/www.google.com\/url?q=https:\/\/vivredignite.org\/wp-content\/plugins\/civicrm\/civicrm\/extern\/url.php?u%3D5511%26qid%3D228185&amp;source=gmail&amp;ust=1536182155418000&amp;usg=AFQjCNEsulklcxB5Zt3ds-ZU1eSh41C9ZQ\">deviendrait ministre de la Sant\u00e9 si le Parti Lib\u00e9ral est r\u00e9\u00e9lu<\/a>.\u00a0Le Dr Ga\u00e9tan\u00a0Barrette obtiendrait le\u00a0Conseil du Tr\u00e9sor.<\/p>\n<p>- Si le PLQ est\u00a0r\u00e9\u00e9lu,\u00a0Mme Bourdon\u00a0promet qu'<a href=\"https:\/\/vivredignite.org\/wp-content\/plugins\/civicrm\/civicrm\/extern\/url.php?u=5510&amp;qid=228185\" target=\"_blank\" rel=\"noopener\" data-saferedirecturl=\"https:\/\/www.google.com\/url?q=https:\/\/vivredignite.org\/wp-content\/plugins\/civicrm\/civicrm\/extern\/url.php?u%3D5510%26qid%3D228185&amp;source=gmail&amp;ust=1536182155418000&amp;usg=AFQjCNEMBD-zsG1l9AOSwHEtWC4Iyo0TDA\">il n'y aura pas de nouvelle r\u00e9forme de la sant\u00e9<\/a>.<\/p>\n<p>&nbsp;<\/p>\n<h4>Parti Qu\u00e9b\u00e9cois<\/h4>\n<p>-\u00a0<a href=\"https:\/\/vivredignite.org\/wp-content\/plugins\/civicrm\/civicrm\/extern\/url.php?u=5512&amp;qid=228186\" target=\"_blank\" rel=\"noopener\" data-saferedirecturl=\"https:\/\/www.google.com\/url?q=https:\/\/vivredignite.org\/wp-content\/plugins\/civicrm\/civicrm\/extern\/url.php?u%3D5512%26qid%3D228186&amp;source=gmail&amp;ust=1536182155418000&amp;usg=AFQjCNGFxc77IlpiFYvizniRo38pfLFX8Q\">Cliquez ici<\/a>\u00a0pour conna\u00eetre le programme du PQ en mati\u00e8re de sant\u00e9 et de service sociaux<\/p>\n<p>-\u00a0<a href=\"https:\/\/vivredignite.org\/wp-content\/plugins\/civicrm\/civicrm\/extern\/url.php?u=5513&amp;qid=228186\" target=\"_blank\" rel=\"noopener\" data-saferedirecturl=\"https:\/\/www.google.com\/url?q=https:\/\/vivredignite.org\/wp-content\/plugins\/civicrm\/civicrm\/extern\/url.php?u%3D5513%26qid%3D228186&amp;source=gmail&amp;ust=1536182155418000&amp;usg=AFQjCNE6JPvbWApE7nocXIbIbIRZj8_Aew\">Le PQ promet<\/a>\u00a0de climatiser tous les \u00e9tablissements de sant\u00e9 du Qu\u00e9bec en seulement un an.<\/p>\n<p>-\u00a0<a href=\"https:\/\/vivredignite.org\/wp-content\/plugins\/civicrm\/civicrm\/extern\/url.php?u=5527&amp;qid=228186\" target=\"_blank\" rel=\"noopener\" data-saferedirecturl=\"https:\/\/www.google.com\/url?q=https:\/\/vivredignite.org\/wp-content\/plugins\/civicrm\/civicrm\/extern\/url.php?u%3D5527%26qid%3D228186&amp;source=gmail&amp;ust=1536182155418000&amp;usg=AFQjCNHRfXM90HI5sRkI-06ISab60QVl4w\">Le PQ s\u2019engage<\/a>\u00a0\u00e0 redresser le syst\u00e8me de sant\u00e9 qu\u00e9b\u00e9cois en douze mois s\u2019il est \u00e9lu.<\/p>\n<p>&nbsp;<\/p>\n<h4>Qu\u00e9bec Solidaire<\/h4>\n<p>-\u00a0<a href=\"https:\/\/vivredignite.org\/wp-content\/plugins\/civicrm\/civicrm\/extern\/url.php?u=5516&amp;qid=228186\" target=\"_blank\" rel=\"noopener\" data-saferedirecturl=\"https:\/\/www.google.com\/url?q=https:\/\/vivredignite.org\/wp-content\/plugins\/civicrm\/civicrm\/extern\/url.php?u%3D5516%26qid%3D228186&amp;source=gmail&amp;ust=1536182155418000&amp;usg=AFQjCNHvtK51YLdJcTE2x1nancnCso5Vqw\">Consultez ici<\/a>\u00a0les engagements de Qu\u00e9bec Solidaire en mati\u00e8re de sant\u00e9.<\/p>\n<p>-\u00a0<a href=\"https:\/\/vivredignite.org\/wp-content\/plugins\/civicrm\/civicrm\/extern\/url.php?u=5517&amp;qid=228186\" target=\"_blank\" rel=\"noopener\" data-saferedirecturl=\"https:\/\/www.google.com\/url?q=https:\/\/vivredignite.org\/wp-content\/plugins\/civicrm\/civicrm\/extern\/url.php?u%3D5517%26qid%3D228186&amp;source=gmail&amp;ust=1536182155418000&amp;usg=AFQjCNE93AYu5YeycYZyh49UBkKWHpS6kw\">QS propose de\u00a0r\u00e9duire\u00a0la r\u00e9mun\u00e9ration des m\u00e9decins sp\u00e9cialistes<\/a>\u00a0de 12% dans les 100 premiers jours de mandat. Selon le parti, cette mesure permettrait\u00a0d'\u00e9pargner\u00a0925 millions $.<\/p>\n","protected":false},"excerpt":{"rendered":"<p>As you may know, our organization has no political affiliation. Hence we neither promote nor endorse any political party.<br \/>\nHowever, to better understand\/appreciate some of the issues related to access to health care, during this electoral campaign a weekly press review will be made available online (although mainly in French) to inform you about the main political declarations and promises made by the four leading political parties in Quebec, as well as some health issues raised by the media.<br \/>\nWe &#8230;<\/p>\n","protected":false},"author":26,"featured_media":0,"parent":10555,"menu_order":0,"comment_status":"open","ping_status":"open","template":"","meta":{"footnotes":""},"class_list":["post-6315","page","type-page","status-publish","hentry"],"_links":{"self":[{"href":"https:\/\/vivredignite.org\/en\/wp-json\/wp\/v2\/pages\/6315","targetHints":{"allow":["GET"]}}],"collection":[{"href":"https:\/\/vivredignite.org\/en\/wp-json\/wp\/v2\/pages"}],"about":[{"href":"https:\/\/vivredignite.org\/en\/wp-json\/wp\/v2\/types\/page"}],"author":[{"embeddable":true,"href":"https:\/\/vivredignite.org\/en\/wp-json\/wp\/v2\/users\/26"}],"replies":[{"embeddable":true,"href":"https:\/\/vivredignite.org\/en\/wp-json\/wp\/v2\/comments?post=6315"}],"version-history":[{"count":3,"href":"https:\/\/vivredignite.org\/en\/wp-json\/wp\/v2\/pages\/6315\/revisions"}],"predecessor-version":[{"id":6318,"href":"https:\/\/vivredignite.org\/en\/wp-json\/wp\/v2\/pages\/6315\/revisions\/6318"}],"up":[{"embeddable":true,"href":"https:\/\/vivredignite.org\/en\/wp-json\/wp\/v2\/pages\/10555"}],"wp:attachment":[{"href":"https:\/\/vivredignite.org\/en\/wp-json\/wp\/v2\/media?parent=6315"}],"curies":[{"name":"wp","href":"https:\/\/api.w.org\/{rel}","templated":true}]}}