{"id":7607,"date":"2018-10-23T17:26:00","date_gmt":"2018-10-23T21:26:00","guid":{"rendered":"https:\/\/vivredignite.org\/en\/?page_id=7607"},"modified":"2020-02-14T11:43:55","modified_gmt":"2020-02-14T16:43:55","slug":"quebec","status":"publish","type":"page","link":"https:\/\/vivredignite.org\/en\/news\/quebec\/","title":{"rendered":"Quebec"},"content":{"rendered":"\t\t<div data-elementor-type=\"wp-post\" data-elementor-id=\"7607\" class=\"elementor elementor-7607 elementor-7591\" data-elementor-post-type=\"page\">\n\t\t\t\t\t\t<section class=\"elementor-section elementor-top-section elementor-element elementor-element-e7ab35c elementor-section-boxed elementor-section-height-default elementor-section-height-default\" data-id=\"e7ab35c\" data-element_type=\"section\">\n\t\t\t\t\t\t<div class=\"elementor-container elementor-column-gap-default\">\n\t\t\t\t\t<div class=\"elementor-column elementor-col-100 elementor-top-column elementor-element elementor-element-151e164\" data-id=\"151e164\" data-element_type=\"column\">\n\t\t\t<div class=\"elementor-widget-wrap elementor-element-populated\">\n\t\t\t\t\t\t<div class=\"elementor-element elementor-element-402be32 elementor-position-left elementor-vertical-align-top elementor-widget elementor-widget-image-box\" data-id=\"402be32\" data-element_type=\"widget\" data-widget_type=\"image-box.default\">\n\t\t\t\t<div class=\"elementor-widget-container\">\n\t\t\t<div class=\"elementor-image-box-wrapper\"><figure class=\"elementor-image-box-img\"><a href=\"https:\/\/vivredignite.org\/sites\/vivredignite.org\/wp-content\/plugins\/civicrm\/civicrm\/extern\/url.php?u=7039&#038;qid=294338\" tabindex=\"-1\"><img fetchpriority=\"high\" decoding=\"async\" width=\"300\" height=\"196\" src=\"https:\/\/vivredignite.org\/sites\/vivredignite.org\/wp-content\/uploads\/mental-300x196.jpg\" class=\"attachment-medium size-medium wp-image-12837\" alt=\"\" srcset=\"https:\/\/vivredignite.org\/sites\/vivredignite.org\/wp-content\/uploads\/mental-300x196.jpg 300w, https:\/\/vivredignite.org\/sites\/vivredignite.org\/wp-content\/uploads\/mental-1024x668.jpg 1024w, https:\/\/vivredignite.org\/sites\/vivredignite.org\/wp-content\/uploads\/mental-768x501.jpg 768w, https:\/\/vivredignite.org\/sites\/vivredignite.org\/wp-content\/uploads\/mental-1536x1002.jpg 1536w, https:\/\/vivredignite.org\/sites\/vivredignite.org\/wp-content\/uploads\/mental-2048x1336.jpg 2048w\" sizes=\"(max-width: 300px) 100vw, 300px\" \/><\/a><\/figure><div class=\"elementor-image-box-content\"><h3 class=\"elementor-image-box-title\"><a href=\"https:\/\/vivredignite.org\/sites\/vivredignite.org\/wp-content\/plugins\/civicrm\/civicrm\/extern\/url.php?u=7039&#038;qid=294338\">The governement is to seek consensus on offering medical aid in dying to mentally ill<\/a><\/h3><p class=\"elementor-image-box-description\"><b>Jan. 27, 2020<\/b> \u2013 The Governement of Quebec walked back a plan to offer medical aid in dying to those suffering severe, incurable mental illness and will now consult widely before making a final decision on the controversial issue. But while she speaks of \u00ab\u00a0social consensus\u00a0\u00bb, Health minister Danielle McCann seems determined to arrive at the expansion\u2026 \n<\/p><\/div><\/div>\t\t<\/div>\n\t\t\t\t<\/div>\n\t\t\t\t\t<\/div>\n\t\t<\/div>\n\t\t\t\t\t<\/div>\n\t\t<\/section>\n\t\t\t\t<section class=\"elementor-section elementor-top-section elementor-element elementor-element-0a322a2 elementor-section-boxed elementor-section-height-default elementor-section-height-default\" data-id=\"0a322a2\" data-element_type=\"section\">\n\t\t\t\t\t\t<div class=\"elementor-container elementor-column-gap-default\">\n\t\t\t\t\t<div class=\"elementor-column elementor-col-100 elementor-top-column elementor-element elementor-element-c4f1064\" data-id=\"c4f1064\" data-element_type=\"column\">\n\t\t\t<div class=\"elementor-widget-wrap elementor-element-populated\">\n\t\t\t\t\t\t<div class=\"elementor-element elementor-element-1fba516 elementor-position-left elementor-vertical-align-top elementor-widget elementor-widget-image-box\" data-id=\"1fba516\" data-element_type=\"widget\" data-widget_type=\"image-box.default\">\n\t\t\t\t<div class=\"elementor-widget-container\">\n\t\t\t<div class=\"elementor-image-box-wrapper\"><figure class=\"elementor-image-box-img\"><a href=\"https:\/\/vivredignite.org\/sites\/vivredignite.org\/wp-content\/plugins\/civicrm\/civicrm\/extern\/url.php?u=7039&#038;qid=294338\" tabindex=\"-1\"><img decoding=\"async\" width=\"300\" height=\"157\" src=\"https:\/\/vivredignite.org\/sites\/vivredignite.org\/wp-content\/uploads\/hands-home-300x157.jpg\" class=\"attachment-medium size-medium wp-image-12779\" alt=\"\" srcset=\"https:\/\/vivredignite.org\/sites\/vivredignite.org\/wp-content\/uploads\/hands-home-300x157.jpg 300w, https:\/\/vivredignite.org\/sites\/vivredignite.org\/wp-content\/uploads\/hands-home-1024x536.jpg 1024w, https:\/\/vivredignite.org\/sites\/vivredignite.org\/wp-content\/uploads\/hands-home-768x402.jpg 768w, https:\/\/vivredignite.org\/sites\/vivredignite.org\/wp-content\/uploads\/hands-home-1536x804.jpg 1536w, https:\/\/vivredignite.org\/sites\/vivredignite.org\/wp-content\/uploads\/hands-home.jpg 1920w\" sizes=\"(max-width: 300px) 100vw, 300px\" \/><\/a><\/figure><div class=\"elementor-image-box-content\"><h3 class=\"elementor-image-box-title\"><a href=\"https:\/\/vivredignite.org\/sites\/vivredignite.org\/wp-content\/plugins\/civicrm\/civicrm\/extern\/url.php?u=7039&#038;qid=294338\">New agreement on palliative home care<\/a><\/h3><p class=\"elementor-image-box-description\"><b>Dec. 4, 2019<\/b> \u2013 An agreement was reached between the government of Quebec and the general practitioners\u2019 union of Quebec (FMOQ) on shortly deploying between 60 and 90 units of palliative home care in the province. This agreement occurs after several actors in the palliative care community publicly denounced what appeared as a blockage from the FMOQ. (FRENCH)\u200b\n<\/p><\/div><\/div>\t\t<\/div>\n\t\t\t\t<\/div>\n\t\t\t\t\t<\/div>\n\t\t<\/div>\n\t\t\t\t\t<\/div>\n\t\t<\/section>\n\t\t\t\t<section class=\"elementor-section elementor-top-section elementor-element elementor-element-3b31b49 elementor-section-boxed elementor-section-height-default elementor-section-height-default\" data-id=\"3b31b49\" data-element_type=\"section\">\n\t\t\t\t\t\t<div class=\"elementor-container elementor-column-gap-default\">\n\t\t\t\t\t<div class=\"elementor-column elementor-col-100 elementor-top-column elementor-element elementor-element-24864de\" data-id=\"24864de\" data-element_type=\"column\">\n\t\t\t<div class=\"elementor-widget-wrap elementor-element-populated\">\n\t\t\t\t\t\t<div class=\"elementor-element elementor-element-5b425ad elementor-position-left elementor-vertical-align-top elementor-widget elementor-widget-image-box\" data-id=\"5b425ad\" data-element_type=\"widget\" data-widget_type=\"image-box.default\">\n\t\t\t\t<div class=\"elementor-widget-container\">\n\t\t\t<div class=\"elementor-image-box-wrapper\"><figure class=\"elementor-image-box-img\"><a href=\"https:\/\/vivredignite.org\/sites\/vivredignite.org\/wp-content\/plugins\/civicrm\/civicrm\/extern\/url.php?u=7039&#038;qid=294338\" tabindex=\"-1\"><img decoding=\"async\" width=\"300\" height=\"237\" src=\"https:\/\/vivredignite.org\/sites\/vivredignite.org\/wp-content\/uploads\/soinspalliatifs-300x237.jpg\" class=\"attachment-medium size-medium wp-image-12715\" alt=\"\" srcset=\"https:\/\/vivredignite.org\/sites\/vivredignite.org\/wp-content\/uploads\/soinspalliatifs-300x237.jpg 300w, https:\/\/vivredignite.org\/sites\/vivredignite.org\/wp-content\/uploads\/soinspalliatifs.jpg 481w\" sizes=\"(max-width: 300px) 100vw, 300px\" \/><\/a><\/figure><div class=\"elementor-image-box-content\"><h3 class=\"elementor-image-box-title\"><a href=\"https:\/\/vivredignite.org\/sites\/vivredignite.org\/wp-content\/plugins\/civicrm\/civicrm\/extern\/url.php?u=7039&#038;qid=294338\">Health professionals go out against lack of access to palliative care<\/a><\/h3><p class=\"elementor-image-box-description\"><b>Nov. 19, 2019<\/b> \u2013 The Quebec coalition for access to palliative care blames the FMOQ for blocking the development of 68 units of palliative home care. \u00ab The majority of patients in palliative care wish to stay at home and actually, in the Quebec province, they are robbed from this right,\u201d said Dr. Genevieve Dech\u00eane.\n<\/p><\/div><\/div>\t\t<\/div>\n\t\t\t\t<\/div>\n\t\t\t\t\t<\/div>\n\t\t<\/div>\n\t\t\t\t\t<\/div>\n\t\t<\/section>\n\t\t\t\t<section class=\"elementor-section elementor-top-section elementor-element elementor-element-85ed2bb elementor-section-boxed elementor-section-height-default elementor-section-height-default\" data-id=\"85ed2bb\" data-element_type=\"section\">\n\t\t\t\t\t\t<div class=\"elementor-container elementor-column-gap-default\">\n\t\t\t\t\t<div class=\"elementor-column elementor-col-100 elementor-top-column elementor-element elementor-element-85713c8\" data-id=\"85713c8\" data-element_type=\"column\">\n\t\t\t<div class=\"elementor-widget-wrap elementor-element-populated\">\n\t\t\t\t\t\t<div class=\"elementor-element elementor-element-154b646 elementor-position-left elementor-vertical-align-top elementor-widget elementor-widget-image-box\" data-id=\"154b646\" data-element_type=\"widget\" data-widget_type=\"image-box.default\">\n\t\t\t\t<div class=\"elementor-widget-container\">\n\t\t\t<div class=\"elementor-image-box-wrapper\"><figure class=\"elementor-image-box-img\"><a href=\"https:\/\/vivredignite.org\/sites\/vivredignite.org\/wp-content\/plugins\/civicrm\/civicrm\/extern\/url.php?u=7039&#038;qid=294338\" tabindex=\"-1\"><img loading=\"lazy\" decoding=\"async\" width=\"300\" height=\"200\" src=\"https:\/\/vivredignite.org\/sites\/vivredignite.org\/wp-content\/uploads\/elder_care_garden-300x200.jpg\" class=\"attachment-medium size-medium wp-image-12518\" alt=\"\" srcset=\"https:\/\/vivredignite.org\/sites\/vivredignite.org\/wp-content\/uploads\/elder_care_garden-300x200.jpg 300w, https:\/\/vivredignite.org\/sites\/vivredignite.org\/wp-content\/uploads\/elder_care_garden-768x512.jpg 768w, https:\/\/vivredignite.org\/sites\/vivredignite.org\/wp-content\/uploads\/elder_care_garden-1024x683.jpg 1024w\" sizes=\"(max-width: 300px) 100vw, 300px\" \/><\/a><\/figure><div class=\"elementor-image-box-content\"><h3 class=\"elementor-image-box-title\"><a href=\"https:\/\/vivredignite.org\/sites\/vivredignite.org\/wp-content\/plugins\/civicrm\/civicrm\/extern\/url.php?u=7039&#038;qid=294338\">New palliative care unit in Laval<\/a><\/h3><p class=\"elementor-image-box-description\"><b>Oct. 15, 2019<\/b> \u2013 A new palliative care unit at H\u00f4pital de la Cit\u00e9-de-la-Sant\u00e9 was inaugurated on October 10, following a long mobilization. The project aimed to respond to a growing demand for palliative care. (FRAN\u00c7AIS)\n<\/p><\/div><\/div>\t\t<\/div>\n\t\t\t\t<\/div>\n\t\t\t\t\t<\/div>\n\t\t<\/div>\n\t\t\t\t\t<\/div>\n\t\t<\/section>\n\t\t\t\t<section class=\"elementor-section elementor-top-section elementor-element elementor-element-e0b71e2 elementor-section-boxed elementor-section-height-default elementor-section-height-default elementor-invisible\" data-id=\"e0b71e2\" data-element_type=\"section\" data-settings=\"{&quot;animation&quot;:&quot;slideInUp&quot;}\">\n\t\t\t\t\t\t<div class=\"elementor-container elementor-column-gap-default\">\n\t\t\t\t\t<div class=\"elementor-column elementor-col-33 elementor-top-column elementor-element elementor-element-d246e16\" data-id=\"d246e16\" data-element_type=\"column\">\n\t\t\t<div class=\"elementor-widget-wrap elementor-element-populated\">\n\t\t\t\t\t\t<div class=\"elementor-element elementor-element-b8b277d elementor-position-top elementor-widget elementor-widget-image-box\" data-id=\"b8b277d\" data-element_type=\"widget\" data-widget_type=\"image-box.default\">\n\t\t\t\t<div class=\"elementor-widget-container\">\n\t\t\t<div class=\"elementor-image-box-wrapper\"><figure class=\"elementor-image-box-img\"><a href=\"https:\/\/montreal.citynews.ca\/2019\/09\/11\/quebec-court-invalidates-portions-of-medical-aid-in-dying-laws-as-too-restrictive\/\" tabindex=\"-1\"><img loading=\"lazy\" decoding=\"async\" width=\"960\" height=\"642\" src=\"https:\/\/vivredignite.org\/sites\/vivredignite.org\/wp-content\/uploads\/case-law-677940_1920-1-1-1024x685.jpg\" class=\"attachment-large size-large wp-image-12400\" alt=\"\" srcset=\"https:\/\/vivredignite.org\/sites\/vivredignite.org\/wp-content\/uploads\/case-law-677940_1920-1-1-1024x685.jpg 1024w, https:\/\/vivredignite.org\/sites\/vivredignite.org\/wp-content\/uploads\/case-law-677940_1920-1-1-300x201.jpg 300w, https:\/\/vivredignite.org\/sites\/vivredignite.org\/wp-content\/uploads\/case-law-677940_1920-1-1-768x514.jpg 768w, https:\/\/vivredignite.org\/sites\/vivredignite.org\/wp-content\/uploads\/case-law-677940_1920-1-1.jpg 1920w\" sizes=\"(max-width: 960px) 100vw, 960px\" \/><\/a><\/figure><div class=\"elementor-image-box-content\"><h3 class=\"elementor-image-box-title\"><a href=\"https:\/\/montreal.citynews.ca\/2019\/09\/11\/quebec-court-invalidates-portions-of-medical-aid-in-dying-laws-as-too-restrictive\/\">The Superior Court of Quebec invalidates portions of MAiD laws<\/a><\/h3><p class=\"elementor-image-box-description\">Sept. 11, 2019 - The end-of-life and reasonably foreseeable natural death criteria are too restrictive, concludes Justice Christine Beaudoin. According to many groups dedicated to the defense of vulnerable people, governments should appeal the decision. <\/p><\/div><\/div>\t\t<\/div>\n\t\t\t\t<\/div>\n\t\t\t\t\t<\/div>\n\t\t<\/div>\n\t\t\t\t<div class=\"elementor-column elementor-col-33 elementor-top-column elementor-element elementor-element-c486d35\" data-id=\"c486d35\" data-element_type=\"column\">\n\t\t\t<div class=\"elementor-widget-wrap elementor-element-populated\">\n\t\t\t\t\t\t<div class=\"elementor-element elementor-element-173aaf4 elementor-position-top elementor-widget elementor-widget-image-box\" data-id=\"173aaf4\" data-element_type=\"widget\" data-widget_type=\"image-box.default\">\n\t\t\t\t<div class=\"elementor-widget-container\">\n\t\t\t<div class=\"elementor-image-box-wrapper\"><figure class=\"elementor-image-box-img\"><a href=\"https:\/\/www.mmfs.org\/en\/capitalcampaign\/\" tabindex=\"-1\"><img loading=\"lazy\" decoding=\"async\" width=\"200\" height=\"149\" src=\"https:\/\/vivredignite.org\/sites\/vivredignite.org\/wp-content\/uploads\/mmfs-logo-1-1.png\" class=\"attachment-meccarouselthumb size-meccarouselthumb wp-image-12404\" alt=\"\" \/><\/a><\/figure><div class=\"elementor-image-box-content\"><h3 class=\"elementor-image-box-title\"><a href=\"https:\/\/www.mmfs.org\/en\/capitalcampaign\/\">Better palliative care services in Outaouais<\/a><\/h3><p class=\"elementor-image-box-description\">Sept. 16, 2019 - The palliative care home Maison Mathieu Froment-Savoie launched a major fundraising campaign, planning to build 5 additional rooms, among other projects.<\/p><\/div><\/div>\t\t<\/div>\n\t\t\t\t<\/div>\n\t\t\t\t\t<\/div>\n\t\t<\/div>\n\t\t\t\t<div class=\"elementor-column elementor-col-33 elementor-top-column elementor-element elementor-element-84e9fab\" data-id=\"84e9fab\" data-element_type=\"column\">\n\t\t\t<div class=\"elementor-widget-wrap elementor-element-populated\">\n\t\t\t\t\t\t<div class=\"elementor-element elementor-element-18f39fc elementor-position-top elementor-widget elementor-widget-image-box\" data-id=\"18f39fc\" data-element_type=\"widget\" data-widget_type=\"image-box.default\">\n\t\t\t\t<div class=\"elementor-widget-container\">\n\t\t\t<div class=\"elementor-image-box-wrapper\"><figure class=\"elementor-image-box-img\"><a href=\"https:\/\/vivredignite.org\/en\/2019\/10\/4th-annual-report-of-the-commission-on-end-of-life-care\/\" tabindex=\"-1\"><img loading=\"lazy\" decoding=\"async\" width=\"474\" height=\"316\" src=\"https:\/\/vivredignite.org\/sites\/vivredignite.org\/wp-content\/uploads\/white-1714170_1920.jpg\" class=\"attachment-meccarouselthumb size-meccarouselthumb wp-image-6989\" alt=\"\" srcset=\"https:\/\/vivredignite.org\/sites\/vivredignite.org\/wp-content\/uploads\/white-1714170_1920.jpg 1920w, https:\/\/vivredignite.org\/sites\/vivredignite.org\/wp-content\/uploads\/white-1714170_1920-300x200.jpg 300w, https:\/\/vivredignite.org\/sites\/vivredignite.org\/wp-content\/uploads\/white-1714170_1920-768x512.jpg 768w, https:\/\/vivredignite.org\/sites\/vivredignite.org\/wp-content\/uploads\/white-1714170_1920-1024x683.jpg 1024w\" sizes=\"(max-width: 474px) 100vw, 474px\" \/><\/a><\/figure><div class=\"elementor-image-box-content\"><h3 class=\"elementor-image-box-title\"><a href=\"https:\/\/vivredignite.org\/en\/2019\/10\/4th-annual-report-of-the-commission-on-end-of-life-care\/\">4th annual report of the Commission on end-of-life care<\/a><\/h3><p class=\"elementor-image-box-description\">Oct. 2, 2019 \u2013 The Commission reports of a 32% increase in the number of euthanasia in Quebec from April 2018 to March 2019, 13 of which violated the safeguards of the law. Also, there was 31% more physicians who took part in an euthanasia procedure. <\/p><\/div><\/div>\t\t<\/div>\n\t\t\t\t<\/div>\n\t\t\t\t\t<\/div>\n\t\t<\/div>\n\t\t\t\t\t<\/div>\n\t\t<\/section>\n\t\t\t\t<\/div>\n\t\t","protected":false},"excerpt":{"rendered":"<p>\nThe governement is to seek consensus on offering medical aid in dying to mentally ill<br \/>\nJan. 27, 2020 \u2013 The Governement of Quebec walked back a plan to offer &#8230;<\/p>\n","protected":false},"author":1,"featured_media":0,"parent":7106,"menu_order":0,"comment_status":"open","ping_status":"open","template":"","meta":{"footnotes":""},"class_list":["post-7607","page","type-page","status-publish","hentry"],"_links":{"self":[{"href":"https:\/\/vivredignite.org\/en\/wp-json\/wp\/v2\/pages\/7607","targetHints":{"allow":["GET"]}}],"collection":[{"href":"https:\/\/vivredignite.org\/en\/wp-json\/wp\/v2\/pages"}],"about":[{"href":"https:\/\/vivredignite.org\/en\/wp-json\/wp\/v2\/types\/page"}],"author":[{"embeddable":true,"href":"https:\/\/vivredignite.org\/en\/wp-json\/wp\/v2\/users\/1"}],"replies":[{"embeddable":true,"href":"https:\/\/vivredignite.org\/en\/wp-json\/wp\/v2\/comments?post=7607"}],"version-history":[{"count":3,"href":"https:\/\/vivredignite.org\/en\/wp-json\/wp\/v2\/pages\/7607\/revisions"}],"predecessor-version":[{"id":12841,"href":"https:\/\/vivredignite.org\/en\/wp-json\/wp\/v2\/pages\/7607\/revisions\/12841"}],"up":[{"embeddable":true,"href":"https:\/\/vivredignite.org\/en\/wp-json\/wp\/v2\/pages\/7106"}],"wp:attachment":[{"href":"https:\/\/vivredignite.org\/en\/wp-json\/wp\/v2\/media?parent=7607"}],"curies":[{"name":"wp","href":"https:\/\/api.w.org\/{rel}","templated":true}]}}